{"id":8,"date":"2023-04-26T08:27:16","date_gmt":"2023-04-26T08:27:16","guid":{"rendered":"https:\/\/www.tehnika-spektra.hr\/?page_id=8"},"modified":"2023-06-01T12:58:42","modified_gmt":"2023-06-01T12:58:42","slug":"elementor-8","status":"publish","type":"page","link":"https:\/\/tehnika-spektra.hr\/","title":{"rendered":"Naslovna"},"content":{"rendered":"\t\t<div data-elementor-type=\"wp-page\" data-elementor-id=\"8\" class=\"elementor elementor-8\" data-elementor-post-type=\"page\">\n\t\t\t\t\t\t<section class=\"elementor-section elementor-top-section elementor-element elementor-element-33a2c81 elementor-section-stretched elementor-section-boxed elementor-section-height-default elementor-section-height-default\" data-id=\"33a2c81\" data-element_type=\"section\" data-settings=\"{&quot;stretch_section&quot;:&quot;section-stretched&quot;,&quot;background_background&quot;:&quot;classic&quot;}\">\n\t\t\t\t\t\t<div class=\"elementor-container elementor-column-gap-default\">\n\t\t\t\t\t<div class=\"elementor-column elementor-col-100 elementor-top-column elementor-element elementor-element-09d074d\" data-id=\"09d074d\" data-element_type=\"column\">\n\t\t\t<div class=\"elementor-widget-wrap elementor-element-populated\">\n\t\t\t\t\t\t<div class=\"elementor-element elementor-element-ff8766f elementor-widget elementor-widget-text-editor\" data-id=\"ff8766f\" data-element_type=\"widget\" data-widget_type=\"text-editor.default\">\n\t\t\t\t<div class=\"elementor-widget-container\">\n\t\t\t\t\t\t\t<h1>Simply the Brest.<\/h1>\t\t\t\t\t\t<\/div>\n\t\t\t\t<\/div>\n\t\t\t\t\t<\/div>\n\t\t<\/div>\n\t\t\t\t\t<\/div>\n\t\t<\/section>\n\t\t\t\t<section class=\"elementor-section elementor-top-section elementor-element elementor-element-0d75c25 elementor-section-boxed elementor-section-height-default elementor-section-height-default\" data-id=\"0d75c25\" data-element_type=\"section\">\n\t\t\t\t\t\t<div class=\"elementor-container elementor-column-gap-default\">\n\t\t\t\t\t<div class=\"elementor-column elementor-col-33 elementor-top-column elementor-element elementor-element-7bcc125\" data-id=\"7bcc125\" data-element_type=\"column\">\n\t\t\t<div class=\"elementor-widget-wrap elementor-element-populated\">\n\t\t\t\t\t\t<section class=\"elementor-section elementor-inner-section elementor-element elementor-element-efb9d8e elementor-section-boxed elementor-section-height-default elementor-section-height-default\" data-id=\"efb9d8e\" data-element_type=\"section\">\n\t\t\t\t\t\t<div class=\"elementor-container elementor-column-gap-default\">\n\t\t\t\t\t<div class=\"elementor-column elementor-col-50 elementor-inner-column elementor-element elementor-element-78abe85\" data-id=\"78abe85\" data-element_type=\"column\">\n\t\t\t<div class=\"elementor-widget-wrap elementor-element-populated\">\n\t\t\t\t\t\t<div class=\"elementor-element elementor-element-73b1787 elementor-widget__width-initial elementor-widget elementor-widget-text-editor\" data-id=\"73b1787\" data-element_type=\"widget\" data-widget_type=\"text-editor.default\">\n\t\t\t\t<div class=\"elementor-widget-container\">\n\t\t\t\t\t\t\t<h2>Sobo-slikanje<\/h2>\t\t\t\t\t\t<\/div>\n\t\t\t\t<\/div>\n\t\t\t\t<div class=\"elementor-element elementor-element-1ce7044 elementor-widget elementor-widget-text-editor\" data-id=\"1ce7044\" data-element_type=\"widget\" data-widget_type=\"text-editor.default\">\n\t\t\t\t<div class=\"elementor-widget-container\">\n\t\t\t\t\t\t\t<p>Na\u0161 tim iskusnih soboslikara nudi \u0161irok spektar usluga bojanja i dekorativnog ure\u0111enja interijera, te smo uvjereni da \u0107emo va\u0161im prostorima dati novi \u017eivot i svje\u017einu<\/p>\t\t\t\t\t\t<\/div>\n\t\t\t\t<\/div>\n\t\t\t\t\t<\/div>\n\t\t<\/div>\n\t\t\t\t<div class=\"elementor-column elementor-col-50 elementor-inner-column elementor-element elementor-element-ca6e4e3\" data-id=\"ca6e4e3\" data-element_type=\"column\">\n\t\t\t<div class=\"elementor-widget-wrap elementor-element-populated\">\n\t\t\t\t\t\t<div class=\"elementor-element elementor-element-9068367 elementor-widget__width-initial elementor-widget elementor-widget-text-editor\" data-id=\"9068367\" data-element_type=\"widget\" data-widget_type=\"text-editor.default\">\n\t\t\t\t<div class=\"elementor-widget-container\">\n\t\t\t\t\t\t\t<h2>Keramika<\/h2>\t\t\t\t\t\t<\/div>\n\t\t\t\t<\/div>\n\t\t\t\t<div class=\"elementor-element elementor-element-75343fa elementor-widget elementor-widget-text-editor\" data-id=\"75343fa\" data-element_type=\"widget\" data-widget_type=\"text-editor.default\">\n\t\t\t\t<div class=\"elementor-widget-container\">\n\t\t\t\t\t\t\t<p>Kod nas mo\u017eete prona\u0107i najbolju uslugu postavljanja\u00a0 keramike i kerami\u010dkih\u00a0 plo\u010dica koje \u0107e va\u0161im prostorima pru\u017eiti modernu i estetski privla\u010dnu atmosferu<\/p>\t\t\t\t\t\t<\/div>\n\t\t\t\t<\/div>\n\t\t\t\t\t<\/div>\n\t\t<\/div>\n\t\t\t\t\t<\/div>\n\t\t<\/section>\n\t\t\t\t\t<\/div>\n\t\t<\/div>\n\t\t\t\t<div class=\"elementor-column elementor-col-33 elementor-top-column elementor-element elementor-element-1bb4418\" data-id=\"1bb4418\" data-element_type=\"column\">\n\t\t\t<div class=\"elementor-widget-wrap elementor-element-populated\">\n\t\t\t\t\t\t<div class=\"elementor-element elementor-element-58aea5f elementor-widget__width-inherit elementor-widget elementor-widget-gallery\" data-id=\"58aea5f\" data-element_type=\"widget\" data-settings=\"{&quot;columns&quot;:2,&quot;gap&quot;:{&quot;unit&quot;:&quot;px&quot;,&quot;size&quot;:20,&quot;sizes&quot;:[]},&quot;lazyload&quot;:&quot;yes&quot;,&quot;gallery_layout&quot;:&quot;grid&quot;,&quot;columns_tablet&quot;:2,&quot;columns_mobile&quot;:1,&quot;gap_tablet&quot;:{&quot;unit&quot;:&quot;px&quot;,&quot;size&quot;:10,&quot;sizes&quot;:[]},&quot;gap_mobile&quot;:{&quot;unit&quot;:&quot;px&quot;,&quot;size&quot;:10,&quot;sizes&quot;:[]},&quot;link_to&quot;:&quot;file&quot;,&quot;aspect_ratio&quot;:&quot;3:2&quot;,&quot;overlay_background&quot;:&quot;yes&quot;,&quot;content_hover_animation&quot;:&quot;fade-in&quot;}\" data-widget_type=\"gallery.default\">\n\t\t\t\t<div class=\"elementor-widget-container\">\n\t\t\t\t\t<div class=\"elementor-gallery__container\">\n\t\t\t\t\t\t\t<a class=\"e-gallery-item elementor-gallery-item elementor-animated-content\" href=\"https:\/\/tehnika-spektra.hr\/wp-content\/uploads\/2023\/04\/IMG_20230125_110907-scaled.jpg\" data-elementor-open-lightbox=\"yes\" data-elementor-lightbox-slideshow=\"58aea5f\" data-elementor-lightbox-title=\"IMG_20230125_110907\" data-e-action-hash=\"#elementor-action%3Aaction%3Dlightbox%26settings%3DeyJpZCI6MTI4LCJ1cmwiOiJodHRwczpcL1wvdGVobmlrYS1zcGVrdHJhLmhyXC93cC1jb250ZW50XC91cGxvYWRzXC8yMDIzXC8wNFwvSU1HXzIwMjMwMTI1XzExMDkwNy1zY2FsZWQuanBnIiwic2xpZGVzaG93IjoiNThhZWE1ZiJ9\">\n\t\t\t\t\t<div class=\"e-gallery-image elementor-gallery-item__image\" data-thumbnail=\"https:\/\/tehnika-spektra.hr\/wp-content\/uploads\/2023\/04\/IMG_20230125_110907-461x1024.jpg\" data-width=\"461\" data-height=\"1024\" aria-label=\"\" role=\"img\" ><\/div>\n\t\t\t\t\t\t\t\t\t\t\t<div class=\"elementor-gallery-item__overlay\"><\/div>\n\t\t\t\t\t\t\t\t\t\t\t\t\t\t<\/a>\n\t\t\t\t\t\t\t<a class=\"e-gallery-item elementor-gallery-item elementor-animated-content\" href=\"https:\/\/tehnika-spektra.hr\/wp-content\/uploads\/2023\/04\/IMG_20230125_110706-1-scaled.jpg\" data-elementor-open-lightbox=\"yes\" data-elementor-lightbox-slideshow=\"58aea5f\" data-elementor-lightbox-title=\"IMG_20230125_110706\" data-e-action-hash=\"#elementor-action%3Aaction%3Dlightbox%26settings%3DeyJpZCI6MjYsInVybCI6Imh0dHBzOlwvXC90ZWhuaWthLXNwZWt0cmEuaHJcL3dwLWNvbnRlbnRcL3VwbG9hZHNcLzIwMjNcLzA0XC9JTUdfMjAyMzAxMjVfMTEwNzA2LTEtc2NhbGVkLmpwZyIsInNsaWRlc2hvdyI6IjU4YWVhNWYifQ%3D%3D\">\n\t\t\t\t\t<div class=\"e-gallery-image elementor-gallery-item__image\" data-thumbnail=\"https:\/\/tehnika-spektra.hr\/wp-content\/uploads\/2023\/04\/IMG_20230125_110706-1-1024x461.jpg\" data-width=\"1024\" data-height=\"461\" aria-label=\"\" role=\"img\" ><\/div>\n\t\t\t\t\t\t\t\t\t\t\t<div class=\"elementor-gallery-item__overlay\"><\/div>\n\t\t\t\t\t\t\t\t\t\t\t\t\t\t<\/a>\n\t\t\t\t\t\t\t<a class=\"e-gallery-item elementor-gallery-item elementor-animated-content\" href=\"https:\/\/tehnika-spektra.hr\/wp-content\/uploads\/2023\/04\/IMG_20230125_110849-1-scaled-e1684938158685.jpg\" data-elementor-open-lightbox=\"yes\" data-elementor-lightbox-slideshow=\"58aea5f\" data-elementor-lightbox-title=\"IMG_20230125_110849 (1)\" data-e-action-hash=\"#elementor-action%3Aaction%3Dlightbox%26settings%3DeyJpZCI6MTI5LCJ1cmwiOiJodHRwczpcL1wvdGVobmlrYS1zcGVrdHJhLmhyXC93cC1jb250ZW50XC91cGxvYWRzXC8yMDIzXC8wNFwvSU1HXzIwMjMwMTI1XzExMDg0OS0xLXNjYWxlZC1lMTY4NDkzODE1ODY4NS5qcGciLCJzbGlkZXNob3ciOiI1OGFlYTVmIn0%3D\">\n\t\t\t\t\t<div class=\"e-gallery-image elementor-gallery-item__image\" data-thumbnail=\"https:\/\/tehnika-spektra.hr\/wp-content\/uploads\/2023\/04\/IMG_20230125_110849-1-scaled-e1684938137171-1024x967.jpg\" data-width=\"1024\" data-height=\"967\" aria-label=\"\" role=\"img\" ><\/div>\n\t\t\t\t\t\t\t\t\t\t\t<div class=\"elementor-gallery-item__overlay\"><\/div>\n\t\t\t\t\t\t\t\t\t\t\t\t\t\t<\/a>\n\t\t\t\t\t\t\t<a class=\"e-gallery-item elementor-gallery-item elementor-animated-content\" href=\"https:\/\/tehnika-spektra.hr\/wp-content\/uploads\/2023\/04\/246046961.jpg\" data-elementor-open-lightbox=\"yes\" data-elementor-lightbox-slideshow=\"58aea5f\" data-elementor-lightbox-title=\"246046961\" data-e-action-hash=\"#elementor-action%3Aaction%3Dlightbox%26settings%3DeyJpZCI6MjEsInVybCI6Imh0dHBzOlwvXC90ZWhuaWthLXNwZWt0cmEuaHJcL3dwLWNvbnRlbnRcL3VwbG9hZHNcLzIwMjNcLzA0XC8yNDYwNDY5NjEuanBnIiwic2xpZGVzaG93IjoiNThhZWE1ZiJ9\">\n\t\t\t\t\t<div class=\"e-gallery-image elementor-gallery-item__image\" data-thumbnail=\"https:\/\/tehnika-spektra.hr\/wp-content\/uploads\/2023\/04\/246046961.jpg\" data-width=\"1024\" data-height=\"683\" aria-label=\"\" role=\"img\" ><\/div>\n\t\t\t\t\t\t\t\t\t\t\t<div class=\"elementor-gallery-item__overlay\"><\/div>\n\t\t\t\t\t\t\t\t\t\t\t\t\t\t<\/a>\n\t\t\t\t\t\t\t<a class=\"e-gallery-item elementor-gallery-item elementor-animated-content\" href=\"https:\/\/tehnika-spektra.hr\/wp-content\/uploads\/2023\/04\/IMG_20230314_114104-scaled.jpg\" data-elementor-open-lightbox=\"yes\" data-elementor-lightbox-slideshow=\"58aea5f\" data-elementor-lightbox-title=\"IMG_20230314_114104\" data-e-action-hash=\"#elementor-action%3Aaction%3Dlightbox%26settings%3DeyJpZCI6MjUsInVybCI6Imh0dHBzOlwvXC90ZWhuaWthLXNwZWt0cmEuaHJcL3dwLWNvbnRlbnRcL3VwbG9hZHNcLzIwMjNcLzA0XC9JTUdfMjAyMzAzMTRfMTE0MTA0LXNjYWxlZC5qcGciLCJzbGlkZXNob3ciOiI1OGFlYTVmIn0%3D\">\n\t\t\t\t\t<div class=\"e-gallery-image elementor-gallery-item__image\" data-thumbnail=\"https:\/\/tehnika-spektra.hr\/wp-content\/uploads\/2023\/04\/IMG_20230314_114104-1024x461.jpg\" data-width=\"1024\" data-height=\"461\" aria-label=\"\" role=\"img\" ><\/div>\n\t\t\t\t\t\t\t\t\t\t\t<div class=\"elementor-gallery-item__overlay\"><\/div>\n\t\t\t\t\t\t\t\t\t\t\t\t\t\t<\/a>\n\t\t\t\t\t\t\t<a class=\"e-gallery-item elementor-gallery-item elementor-animated-content\" href=\"https:\/\/tehnika-spektra.hr\/wp-content\/uploads\/2023\/04\/IMG_20230125_111131-scaled.jpg\" data-elementor-open-lightbox=\"yes\" data-elementor-lightbox-slideshow=\"58aea5f\" data-elementor-lightbox-title=\"IMG_20230125_111131\" data-e-action-hash=\"#elementor-action%3Aaction%3Dlightbox%26settings%3DeyJpZCI6MjcsInVybCI6Imh0dHBzOlwvXC90ZWhuaWthLXNwZWt0cmEuaHJcL3dwLWNvbnRlbnRcL3VwbG9hZHNcLzIwMjNcLzA0XC9JTUdfMjAyMzAxMjVfMTExMTMxLXNjYWxlZC5qcGciLCJzbGlkZXNob3ciOiI1OGFlYTVmIn0%3D\">\n\t\t\t\t\t<div class=\"e-gallery-image elementor-gallery-item__image\" data-thumbnail=\"https:\/\/tehnika-spektra.hr\/wp-content\/uploads\/2023\/04\/IMG_20230125_111131-1024x461.jpg\" data-width=\"1024\" data-height=\"461\" aria-label=\"\" role=\"img\" ><\/div>\n\t\t\t\t\t\t\t\t\t\t\t<div class=\"elementor-gallery-item__overlay\"><\/div>\n\t\t\t\t\t\t\t\t\t\t\t\t\t\t<\/a>\n\t\t\t\t\t<\/div>\n\t\t\t<\/div>\n\t\t\t\t<\/div>\n\t\t\t\t\t<\/div>\n\t\t<\/div>\n\t\t\t\t<div class=\"elementor-column elementor-col-33 elementor-top-column elementor-element elementor-element-daf8e09\" data-id=\"daf8e09\" data-element_type=\"column\">\n\t\t\t<div class=\"elementor-widget-wrap elementor-element-populated\">\n\t\t\t\t\t\t<div class=\"elementor-element elementor-element-3507955 elementor-widget elementor-widget-text-editor\" data-id=\"3507955\" data-element_type=\"widget\" data-widget_type=\"text-editor.default\">\n\t\t\t\t<div class=\"elementor-widget-container\">\n\t\t\t\t\t\t\t<h2>Suhogradnja<\/h2>\t\t\t\t\t\t<\/div>\n\t\t\t\t<\/div>\n\t\t\t\t<div class=\"elementor-element elementor-element-163e90f elementor-widget elementor-widget-text-editor\" data-id=\"163e90f\" data-element_type=\"widget\" data-widget_type=\"text-editor.default\">\n\t\t\t\t<div class=\"elementor-widget-container\">\n\t\t\t\t\t\t\t<p>Specijalizirani smo za suhu gradnju i ugradnju knaufa koji \u0107e va\u0161em prostoru osigurati optimalnu funkcionalnost i estetski privla\u010dan izgled. Na\u0161 tim stru\u010dnjaka uvijek \u0107e prona\u0107i rje\u0161enje koje \u0107e najbolje odgovarati va\u0161im potrebama i \u017eeljama<\/p>\t\t\t\t\t\t<\/div>\n\t\t\t\t<\/div>\n\t\t\t\t\t<\/div>\n\t\t<\/div>\n\t\t\t\t\t<\/div>\n\t\t<\/section>\n\t\t\t\t<section class=\"elementor-section elementor-top-section elementor-element elementor-element-b0e9b6b elementor-section-stretched elementor-section-boxed elementor-section-height-default elementor-section-height-default\" data-id=\"b0e9b6b\" data-element_type=\"section\" data-settings=\"{&quot;stretch_section&quot;:&quot;section-stretched&quot;}\">\n\t\t\t\t\t\t<div class=\"elementor-container elementor-column-gap-default\">\n\t\t\t\t\t<div class=\"elementor-column elementor-col-100 elementor-top-column elementor-element elementor-element-1bacdce\" data-id=\"1bacdce\" data-element_type=\"column\">\n\t\t\t<div class=\"elementor-widget-wrap elementor-element-populated\">\n\t\t\t\t\t\t<section class=\"elementor-section elementor-inner-section elementor-element elementor-element-e6f5479 elementor-section-boxed elementor-section-height-default elementor-section-height-default\" data-id=\"e6f5479\" data-element_type=\"section\">\n\t\t\t\t\t\t<div class=\"elementor-container elementor-column-gap-default\">\n\t\t\t\t\t<div class=\"elementor-column elementor-col-100 elementor-inner-column elementor-element elementor-element-01610ba\" data-id=\"01610ba\" data-element_type=\"column\">\n\t\t\t<div class=\"elementor-widget-wrap elementor-element-populated\">\n\t\t\t\t\t\t<div class=\"elementor-element elementor-element-0ae792a elementor-widget__width-initial elementor-widget elementor-widget-google_maps\" data-id=\"0ae792a\" data-element_type=\"widget\" data-widget_type=\"google_maps.default\">\n\t\t\t\t<div class=\"elementor-widget-container\">\n\t\t\t\t\t<div class=\"elementor-custom-embed\">\n\t\t\t<iframe loading=\"lazy\"\n\t\t\t\t\tsrc=\"https:\/\/maps.google.com\/maps?q=Brune%20Bu%C5%A1i%C4%87a%205a%20Bjelovar&#038;t=m&#038;z=13&#038;output=embed&#038;iwloc=near\"\n\t\t\t\t\ttitle=\"Brune Bu\u0161i\u0107a 5a Bjelovar\"\n\t\t\t\t\taria-label=\"Brune Bu\u0161i\u0107a 5a Bjelovar\"\n\t\t\t><\/iframe>\n\t\t<\/div>\n\t\t\t\t<\/div>\n\t\t\t\t<\/div>\n\t\t\t\t\t<\/div>\n\t\t<\/div>\n\t\t\t\t\t<\/div>\n\t\t<\/section>\n\t\t\t\t\t<\/div>\n\t\t<\/div>\n\t\t\t\t\t<\/div>\n\t\t<\/section>\n\t\t\t\t<section class=\"elementor-section elementor-top-section elementor-element elementor-element-8fc15ae elementor-section-stretched elementor-section-boxed elementor-section-height-default elementor-section-height-default\" data-id=\"8fc15ae\" data-element_type=\"section\" data-settings=\"{&quot;stretch_section&quot;:&quot;section-stretched&quot;}\">\n\t\t\t\t\t\t<div class=\"elementor-container elementor-column-gap-default\">\n\t\t\t\t\t<div class=\"elementor-column elementor-col-100 elementor-top-column elementor-element elementor-element-7bd95aa\" data-id=\"7bd95aa\" data-element_type=\"column\">\n\t\t\t<div class=\"elementor-widget-wrap elementor-element-populated\">\n\t\t\t\t\t\t<div class=\"elementor-element elementor-element-5537672 elementor-cta--layout-image-above elementor-cta--skin-classic elementor-animated-content elementor-bg-transform elementor-bg-transform-zoom-in elementor-widget elementor-widget-call-to-action\" data-id=\"5537672\" data-element_type=\"widget\" data-widget_type=\"call-to-action.default\">\n\t\t\t\t<div class=\"elementor-widget-container\">\n\t\t\t\t\t<div class=\"elementor-cta\">\n\t\t\t\t\t<div class=\"elementor-cta__bg-wrapper\">\n\t\t\t\t<div class=\"elementor-cta__bg elementor-bg\" style=\"background-image: url(https:\/\/tehnika-spektra.hr\/wp-content\/uploads\/2023\/04\/4px-BW84_n0QJGVPszge3NRBsKw-2VcOifrJIjPYFYkOtaCZxxXQ2TYogB-n9Q6x76NhOMY0NZJ9J0r4SzZBvPMLwBn63_Wbx8v3CMhv1JJB6iDcvLA46A.webp);\" role=\"img\" aria-label=\"4px-BW84_n0QJGVPszge3NRBsKw-2VcOifrJIjPYFYkOtaCZxxXQ2TYogB-n9Q6x76NhOMY0NZJ9J0r4SzZBvPMLwBn63_Wbx8v3CMhv1JJB6iDcvLA46A\"><\/div>\n\t\t\t\t<div class=\"elementor-cta__bg-overlay\"><\/div>\n\t\t\t<\/div>\n\t\t\t\t\t\t\t<div class=\"elementor-cta__content\">\n\t\t\t\t\n\t\t\t\t\t\t\t\t\t<h2 class=\"elementor-cta__title elementor-cta__content-item elementor-content-item\">\n\t\t\t\t\t\tTehnika Spektra\t\t\t\t\t<\/h2>\n\t\t\t\t\n\t\t\t\t\t\t\t\t\t<div class=\"elementor-cta__description elementor-cta__content-item elementor-content-item\">\n\t\t\t\t\t\tNajmodernije gra\u0111evinske usluge nikad nisu bile lak\u0161e dostupne!\t\t\t\t\t<\/div>\n\t\t\t\t\n\t\t\t\t\t\t\t\t\t<div class=\"elementor-cta__button-wrapper elementor-cta__content-item elementor-content-item \">\n\t\t\t\t\t<a class=\"elementor-cta__button elementor-button elementor-size-\" href=\"https:\/\/tehnika-spektra.hr\/?page_id=59\">\n\t\t\t\t\t\tSaznaj vi\u0161e\t\t\t\t\t<\/a>\n\t\t\t\t\t<\/div>\n\t\t\t\t\t\t\t<\/div>\n\t\t\t\t\t\t<\/div>\n\t\t\t\t<\/div>\n\t\t\t\t<\/div>\n\t\t\t\t<section class=\"elementor-section elementor-inner-section elementor-element elementor-element-6280fbc elementor-section-boxed elementor-section-height-default elementor-section-height-default\" data-id=\"6280fbc\" data-element_type=\"section\">\n\t\t\t\t\t\t<div class=\"elementor-container elementor-column-gap-default\">\n\t\t\t\t\t<div class=\"elementor-column elementor-col-50 elementor-inner-column elementor-element elementor-element-ce20707\" data-id=\"ce20707\" data-element_type=\"column\">\n\t\t\t<div class=\"elementor-widget-wrap elementor-element-populated\">\n\t\t\t\t\t\t<div class=\"elementor-element elementor-element-222e338 elementor--h-position-center elementor--v-position-middle elementor-arrows-position-inside elementor-pagination-position-inside elementor-widget elementor-widget-slides\" data-id=\"222e338\" data-element_type=\"widget\" data-settings=\"{&quot;navigation&quot;:&quot;both&quot;,&quot;autoplay&quot;:&quot;yes&quot;,&quot;pause_on_hover&quot;:&quot;yes&quot;,&quot;pause_on_interaction&quot;:&quot;yes&quot;,&quot;autoplay_speed&quot;:5000,&quot;infinite&quot;:&quot;yes&quot;,&quot;transition&quot;:&quot;slide&quot;,&quot;transition_speed&quot;:500}\" data-widget_type=\"slides.default\">\n\t\t\t\t<div class=\"elementor-widget-container\">\n\t\t\t\t\t<div class=\"elementor-swiper\">\n\t\t\t<div class=\"elementor-slides-wrapper elementor-main-swiper swiper\" dir=\"ltr\" data-animation=\"fadeInUp\">\n\t\t\t\t<div class=\"swiper-wrapper elementor-slides\">\n\t\t\t\t\t\t\t\t\t\t<div class=\"elementor-repeater-item-777a72c swiper-slide\"><div class=\"swiper-slide-bg elementor-ken-burns elementor-ken-burns--in\" role=\"img\"><\/div><div class=\"elementor-background-overlay\"><\/div><a class=\"swiper-slide-inner\" href=\"https:\/\/tehnika-spektra.hr\/?page_id=59\"><div class=\"swiper-slide-contents\"><div class=\"elementor-slide-heading\">Soboslikarstvo<\/div><div class=\"elementor-slide-description\">Usluge kre\u010denja, soboslikanja, fasadiranja i mnoge druge<\/div><div  class=\"elementor-button elementor-slide-button elementor-size-sm\">Nazovi odmah<\/div><\/div><\/a><\/div><div class=\"elementor-repeater-item-361f1ac swiper-slide\"><div class=\"swiper-slide-bg elementor-ken-burns elementor-ken-burns--in\" role=\"img\"><\/div><div class=\"elementor-background-overlay\"><\/div><a class=\"swiper-slide-inner\" href=\"https:\/\/tehnika-spektra.hr\/?page_id=59\"><div class=\"swiper-slide-contents\"><div class=\"elementor-slide-heading\">Keramika<\/div><div class=\"elementor-slide-description\">Postavljanje keramike kako bismo Va\u0161em prostoru dodali novu dimenziju<\/div><div  class=\"elementor-button elementor-slide-button elementor-size-sm\">Po\u0161alji upit<\/div><\/div><\/a><\/div><div class=\"elementor-repeater-item-591bf23 swiper-slide\"><div class=\"swiper-slide-bg\" role=\"img\"><\/div><a class=\"swiper-slide-inner\" href=\"https:\/\/tehnika-spektra.hr\/?page_id=59\"><div class=\"swiper-slide-contents\"><div class=\"elementor-slide-heading\">Knauf<\/div><div class=\"elementor-slide-description\">Osve\u017eite svoj  dom najmodernijom suhogradnjom<\/div><div  class=\"elementor-button elementor-slide-button elementor-size-sm\">Saznaj vi\u0161e<\/div><\/div><\/a><\/div>\t\t\t\t<\/div>\n\t\t\t\t\t\t\t\t\t\t\t\t\t\t\t<div class=\"swiper-pagination\"><\/div>\n\t\t\t\t\t\t\t\t\t\t\t\t\t\t\t\t<div class=\"elementor-swiper-button elementor-swiper-button-prev\" role=\"button\" tabindex=\"0\">\n\t\t\t\t\t\t\t<i aria-hidden=\"true\" class=\"eicon-chevron-left\"><\/i>\t\t\t\t\t\t\t<span class=\"elementor-screen-only\">Previous slide<\/span>\n\t\t\t\t\t\t<\/div>\n\t\t\t\t\t\t<div class=\"elementor-swiper-button elementor-swiper-button-next\" role=\"button\" tabindex=\"0\">\n\t\t\t\t\t\t\t<i aria-hidden=\"true\" class=\"eicon-chevron-right\"><\/i>\t\t\t\t\t\t\t<span class=\"elementor-screen-only\">Next slide<\/span>\n\t\t\t\t\t\t<\/div>\n\t\t\t\t\t\t\t\t\t\t\t\t<\/div>\n\t\t<\/div>\n\t\t\t\t<\/div>\n\t\t\t\t<\/div>\n\t\t\t\t\t<\/div>\n\t\t<\/div>\n\t\t\t\t<div class=\"elementor-column elementor-col-50 elementor-inner-column elementor-element elementor-element-e5970e9\" data-id=\"e5970e9\" data-element_type=\"column\">\n\t\t\t<div class=\"elementor-widget-wrap elementor-element-populated\">\n\t\t\t\t\t\t<div class=\"elementor-element elementor-element-808794a elementor-button-align-stretch elementor-widget elementor-widget-form\" data-id=\"808794a\" data-element_type=\"widget\" data-settings=\"{&quot;step_next_label&quot;:&quot;Next&quot;,&quot;step_previous_label&quot;:&quot;Previous&quot;,&quot;button_width&quot;:&quot;100&quot;,&quot;step_type&quot;:&quot;number_text&quot;,&quot;step_icon_shape&quot;:&quot;circle&quot;}\" data-widget_type=\"form.default\">\n\t\t\t\t<div class=\"elementor-widget-container\">\n\t\t\t\t\t<form class=\"elementor-form\" method=\"post\" name=\"New Form\">\n\t\t\t<input type=\"hidden\" name=\"post_id\" value=\"8\"\/>\n\t\t\t<input type=\"hidden\" name=\"form_id\" value=\"808794a\"\/>\n\t\t\t<input type=\"hidden\" name=\"referer_title\" value=\"\" \/>\n\n\t\t\t\n\t\t\t<div class=\"elementor-form-fields-wrapper elementor-labels-above\">\n\t\t\t\t\t\t\t\t<div class=\"elementor-field-type-text elementor-field-group elementor-column elementor-field-group-name elementor-col-100\">\n\t\t\t\t\t\t\t\t\t\t\t\t<label for=\"form-field-name\" class=\"elementor-field-label\">\n\t\t\t\t\t\t\t\tName\t\t\t\t\t\t\t<\/label>\n\t\t\t\t\t\t\t\t\t\t\t\t\t\t<input size=\"1\" type=\"text\" name=\"form_fields[name]\" id=\"form-field-name\" class=\"elementor-field elementor-size-sm  elementor-field-textual\" placeholder=\"Name\">\n\t\t\t\t\t\t\t\t\t\t\t<\/div>\n\t\t\t\t\t\t\t\t<div class=\"elementor-field-type-email elementor-field-group elementor-column elementor-field-group-email elementor-col-100 elementor-field-required\">\n\t\t\t\t\t\t\t\t\t\t\t\t<label for=\"form-field-email\" class=\"elementor-field-label\">\n\t\t\t\t\t\t\t\tEmail\t\t\t\t\t\t\t<\/label>\n\t\t\t\t\t\t\t\t\t\t\t\t\t\t<input size=\"1\" type=\"email\" name=\"form_fields[email]\" id=\"form-field-email\" class=\"elementor-field elementor-size-sm  elementor-field-textual\" placeholder=\"Email\" required=\"required\" aria-required=\"true\">\n\t\t\t\t\t\t\t\t\t\t\t<\/div>\n\t\t\t\t\t\t\t\t<div class=\"elementor-field-type-textarea elementor-field-group elementor-column elementor-field-group-message elementor-col-100\">\n\t\t\t\t\t\t\t\t\t\t\t\t<label for=\"form-field-message\" class=\"elementor-field-label\">\n\t\t\t\t\t\t\t\tMessage\t\t\t\t\t\t\t<\/label>\n\t\t\t\t\t\t<textarea class=\"elementor-field-textual elementor-field  elementor-size-sm\" name=\"form_fields[message]\" id=\"form-field-message\" rows=\"4\" placeholder=\"Message\"><\/textarea>\t\t\t\t<\/div>\n\t\t\t\t\t\t\t\t<div class=\"elementor-field-group elementor-column elementor-field-type-submit elementor-col-100 e-form__buttons\">\n\t\t\t\t\t<button class=\"elementor-button elementor-size-sm elementor-animation-pop\" type=\"submit\">\n\t\t\t\t\t\t<span class=\"elementor-button-content-wrapper\">\n\t\t\t\t\t\t\t\t\t\t\t\t\t\t\t\t\t\t\t\t\t\t<span class=\"elementor-button-text\">Send<\/span>\n\t\t\t\t\t\t\t\t\t\t\t\t\t<\/span>\n\t\t\t\t\t<\/button>\n\t\t\t\t<\/div>\n\t\t\t<\/div>\n\t\t<\/form>\n\t\t\t\t<\/div>\n\t\t\t\t<\/div>\n\t\t\t\t\t<\/div>\n\t\t<\/div>\n\t\t\t\t\t<\/div>\n\t\t<\/section>\n\t\t\t\t\t<\/div>\n\t\t<\/div>\n\t\t\t\t\t<\/div>\n\t\t<\/section>\n\t\t\t\t<\/div>\n\t\t","protected":false},"excerpt":{"rendered":"<p>Simply the Brest. Sobo-slikanje Na\u0161 tim iskusnih soboslikara nudi \u0161irok spektar usluga bojanja i dekorativnog ure\u0111enja interijera, te smo uvjereni da \u0107emo va\u0161im prostorima dati novi \u017eivot i svje\u017einu Keramika Kod nas mo\u017eete prona\u0107i najbolju uslugu postavljanja\u00a0 keramike i kerami\u010dkih\u00a0 plo\u010dica koje \u0107e va\u0161im prostorima pru\u017eiti modernu i estetski privla\u010dnu atmosferu Suhogradnja Specijalizirani smo za &#8230; <a title=\"Naslovna\" class=\"read-more\" href=\"https:\/\/tehnika-spektra.hr\/\" aria-label=\"More on Naslovna\">Op\u0161irnije<\/a><\/p>\n","protected":false},"author":1,"featured_media":0,"parent":0,"menu_order":0,"comment_status":"closed","ping_status":"closed","template":"elementor_header_footer","meta":{"footnotes":""},"class_list":["post-8","page","type-page","status-publish"],"_links":{"self":[{"href":"https:\/\/tehnika-spektra.hr\/index.php?rest_route=\/wp\/v2\/pages\/8","targetHints":{"allow":["GET"]}}],"collection":[{"href":"https:\/\/tehnika-spektra.hr\/index.php?rest_route=\/wp\/v2\/pages"}],"about":[{"href":"https:\/\/tehnika-spektra.hr\/index.php?rest_route=\/wp\/v2\/types\/page"}],"author":[{"embeddable":true,"href":"https:\/\/tehnika-spektra.hr\/index.php?rest_route=\/wp\/v2\/users\/1"}],"replies":[{"embeddable":true,"href":"https:\/\/tehnika-spektra.hr\/index.php?rest_route=%2Fwp%2Fv2%2Fcomments&post=8"}],"version-history":[{"count":104,"href":"https:\/\/tehnika-spektra.hr\/index.php?rest_route=\/wp\/v2\/pages\/8\/revisions"}],"predecessor-version":[{"id":246,"href":"https:\/\/tehnika-spektra.hr\/index.php?rest_route=\/wp\/v2\/pages\/8\/revisions\/246"}],"wp:attachment":[{"href":"https:\/\/tehnika-spektra.hr\/index.php?rest_route=%2Fwp%2Fv2%2Fmedia&parent=8"}],"curies":[{"name":"wp","href":"https:\/\/api.w.org\/{rel}","templated":true}]}}